{"id":7715,"date":"2026-02-04T09:36:47","date_gmt":"2026-02-04T09:36:47","guid":{"rendered":"https:\/\/asociatiahercules.ro\/?page_id=7715"},"modified":"2026-03-19T11:23:38","modified_gmt":"2026-03-19T11:23:38","slug":"politica-de-cookies","status":"publish","type":"page","link":"https:\/\/www.asociatiahercules.ro\/en\/politica-de-cookies\/","title":{"rendered":"Politica de cookies"},"content":{"rendered":"<section data-row-bg=\"https:\/\/asociatiahercules.ro\/wp-content\/uploads\/asociatia-hercules-cover-politica-cookies.jpg?id=7732\" data-bg-image=\"url\" class=\"vc_row cover-principal vc_custom_1771238587810 liquid-row-shadowbox-69f43714532bc vc_row-has-fill vc_row-has-bg lqd-has-bg-markup row-bg-appended vc_row-o-full-height\"><span class=\"row-bg-loader\"><\/span><div class=\"row-bg-wrap\">\n\t\t<div class=\"row-bg-inner\">\n\t\t\t<figure class=\"row-bg\" ><\/figure>\n\t\t<\/div>\n\t<\/div><div class=\"liquid-row-overlay\" style=\"background:rgba(0, 125, 182, 0.58)\"><\/div><div class=\"one-row_bottom_divider z-index-99\" style=\"height:100px;\"><svg fill=\"#ffffff\" xmlns=\"http:\/\/www.w3.org\/2000\/svg\" width=\"1440\" height=\"100\" viewbox=\"0 0 1440 100\" preserveaspectratio=\"none\">\n\t\t\t\t\t\t\t\t<path id=\"Row_Separator\" data-name=\"Row Separator\" d=\"M1440,0Q1080,99,720,99T0,0V100H1440Z\" \/>\n\t\t\t\t\t\t\t<\/svg><\/div><div class=\"ld-container container\"><div class=\"row ld-row ld-row-outer vc_row-has-column-align vc_row-o-columns-middle vc_row-o-equal-height vc_row-o-content-middle vc_row-flex\"><div class=\"wpb_column vc_column_container vc_col-sm-12 liquid-column-69f43714537a4\"><div class=\"vc_column-inner\" ><div class=\"wpb_wrapper\"  ><style>.ld_spacer_69f43714538d7{height:150px;}<\/style>\n<div class=\"ld-empty-space ld_spacer_69f43714538d7\"><\/div><style>.ld_fancy_heading_69f4371453bf1 h1{color:rgb(255, 255, 255);}.ld_fancy_heading_69f4371453bf1 .lqd-highlight-inner{height:0.275em!important;bottom:0px!important;}<\/style><div class=\"ld-fancy-heading text-center ld_fancy_heading_69f4371453bf1\">\n\t<h1 class=\"ld-fh-element lqd-highlight-underline lqd-highlight-grow-left text-decoration-default\"   >  <\/p>\n<h1>Cookies policy of the Hercules Association<\/h1>\n<p><\/h1><\/div><style>.ld_spacer_69f4371454f99{height:150px;}<\/style>\n<div class=\"ld-empty-space ld_spacer_69f4371454f99\"><\/div><\/div><\/div><\/div><\/div><\/div><\/section><section class=\"vc_row liquid-row-shadowbox-69f4371455188 vc_column-gap-35\"><div class=\"ld-container container\"><div class=\"row ld-row ld-row-outer\"><div class=\"wpb_column vc_column_container vc_col-sm-12 liquid-column-69f4371455404\"><div class=\"vc_column-inner\" ><div class=\"wpb_wrapper\"  ><style>.ld_spacer_69f4371455528{height:30px;}<\/style>\n<div class=\"ld-empty-space ld_spacer_69f4371455528\"><\/div><style>.ld_fancy_heading_69f437145569d p{color:rgb(0, 125, 182);}.ld_fancy_heading_69f437145569d .lqd-highlight-inner{height:0.275em!important;bottom:0px!important;}<\/style><div class=\"ld-fancy-heading text-justified ld_fancy_heading_69f437145569d\">\n\t<\/div><style>.ld_spacer_69f43714560c6{height:30px;}<\/style>\n<div class=\"ld-empty-space ld_spacer_69f43714560c6\"><\/div><style>.vc_accordion_69f4371457b54 .accordion-title{font-size:24px;}.vc_accordion_69f4371457b54 .accordion-title a{color:rgb(255, 255, 255);background:rgb(0, 125, 182);}.vc_accordion_69f4371457b54 .accordion-item.active .accordion-title a{background:rgb(0, 125, 182);}.vc_accordion_69f4371457b54 .accordion-item:not(:last-child){margin-bottom:25px;}<\/style><div class=\"accordion accordion-lg accordion-active-has-fill accordion-title-bordered accordion-title-circle accordion-expander-lg vc_accordion_69f4371457b54\" id=\"vc_accordion_69f4371457b54\"\n     role=\"tablist\" aria-multiselectable=\"true\">\n\n\t            <div class=\"accordion-item panel\">\n\n                <div class=\"accordion-heading\" role=\"tab\" id=\"heading_lqd-1767094414605-bb22cdcd-fd70\" data-id=\"lqd-1767094414605-bb22cdcd-fd70\">\n                    <h4 class=\"accordion-title\" data-controls=\"lqd-1767094414605-bb22cdcd-fd70\" tabindex=\"-1\">\n                        <a tabindex=\"0\" class=\"collapsed\" data-toggle=\"collapse\"  data-bs-toggle=\"collapse\"\n                           data-parent=\"#vc_accordion_69f4371457b54\" data-bs-parent=\"#vc_accordion_69f4371457b54\" href=\"#lqd-1767094414605-bb22cdcd-fd70\" data-bs-target=\"#lqd-1767094414605-bb22cdcd-fd70\"\n                           aria-expanded=\"false\" aria-controls=\"lqd-1767094414605-bb22cdcd-fd70\">\n\n\t\t\t\t\t\t\t\n\t\t\t\t\t\t\tCookies policy\n\t\t\t\t\t\t\t                                <span class=\"accordion-expander\">\n\t\t\t\t\t\t\t\t\t\t\t\t\t\t\t\t\t\t\t<i class=\"fa fa-plus\"><\/i>\n\t\t\t\t\t\t\t\t\t\n\t\t\t\t\t\t\t\t\t\t\t\t\t\t\t\t\t\t\t<i class=\"fa fa-minus\"><\/i>\n\t\t\t\t\t\t\t\t\t\t\t\t\t\t\t\t\t<\/span>\n\t\t\t\t\t\t\t\n                        <\/a>\n\n                    <\/h4>\n                <\/div>\n\n                <div id=\"lqd-1767094414605-bb22cdcd-fd70\" class=\"accordion-collapse collapse\"\n                    data-bs-parent=\"#vc_accordion_69f4371457b54\" role=\"tabpanel\" aria-labelledby=\"heading_lqd-1767094414605-bb22cdcd-fd70\">\n                    <div class=\"accordion-content\">\n\t\t\t\t\t\t<style>.ld_fancy_heading_69f437145641e p{color:#007db6;}.ld_fancy_heading_69f437145641e .lqd-highlight-inner{height:0.275em!important;bottom:0px!important;}<\/style><div class=\"ld-fancy-heading text-justified ld_fancy_heading_69f437145641e\">\n\t<p class=\"ld-fh-element lqd-highlight-underline lqd-highlight-grow-left text-decoration-default\"   >  <\/p>\n<p style=\"text-align: justify\"><strong>What is a cookie?<\/strong><\/p>\n<p style=\"text-align: justify\">A cookie is a small text file that often includes a unique identifier, assigned to your computer or device when you visit a website.<\/p>\n<p style=\"text-align: justify\">Each website can send its own cookie to your browser if your browser preferences allow it, but (to protect your privacy) your browser only permits a website to access the cookies it has already sent to you, and not the cookies sent by other sites. Many websites do this whenever a user visits their site in order to track online traffic flows.<\/p>\n<p style=\"text-align: justify\">We use cookies to enhance the quality of our Website and services and to improve your browsing experience. A number of the cookies we use last only for the duration of a single session on the site and expire when you close your web browser. Other cookies are used, for example, to remember information you have requested (such as language preferences) and these last for a longer period.<\/p>\n<p><\/p><\/div>                    <\/div>\n                <\/div>\n            <\/div>\n\t\t\t            <div class=\"accordion-item panel\">\n\n                <div class=\"accordion-heading\" role=\"tab\" id=\"heading_lqd-1767094522948-e26d4370-bddb\" data-id=\"lqd-1767094522948-e26d4370-bddb\">\n                    <h4 class=\"accordion-title\" data-controls=\"lqd-1767094522948-e26d4370-bddb\" tabindex=\"-1\">\n                        <a tabindex=\"0\" class=\"collapsed\" data-toggle=\"collapse\"  data-bs-toggle=\"collapse\"\n                           data-parent=\"#vc_accordion_69f4371457b54\" data-bs-parent=\"#vc_accordion_69f4371457b54\" href=\"#lqd-1767094522948-e26d4370-bddb\" data-bs-target=\"#lqd-1767094522948-e26d4370-bddb\"\n                           aria-expanded=\"false\" aria-controls=\"lqd-1767094522948-e26d4370-bddb\">\n\n\t\t\t\t\t\t\t\n\t\t\t\t\t\t\tWhat is the lifespan of a cookie?\n\t\t\t\t\t\t\t                                <span class=\"accordion-expander\">\n\t\t\t\t\t\t\t\t\t\t\t\t\t\t\t\t\t\t\t<i class=\"fa fa-plus\"><\/i>\n\t\t\t\t\t\t\t\t\t\n\t\t\t\t\t\t\t\t\t\t\t\t\t\t\t\t\t\t\t<i class=\"fa fa-minus\"><\/i>\n\t\t\t\t\t\t\t\t\t\t\t\t\t\t\t\t\t<\/span>\n\t\t\t\t\t\t\t\n                        <\/a>\n\n                    <\/h4>\n                <\/div>\n\n                <div id=\"lqd-1767094522948-e26d4370-bddb\" class=\"accordion-collapse collapse\"\n                    data-bs-parent=\"#vc_accordion_69f4371457b54\" role=\"tabpanel\" aria-labelledby=\"heading_lqd-1767094522948-e26d4370-bddb\">\n                    <div class=\"accordion-content\">\n\t\t\t\t\t\t<style>.ld_fancy_heading_69f43714569b0 p{color:#007db6;}.ld_fancy_heading_69f43714569b0 .lqd-highlight-inner{height:0.275em!important;bottom:0px!important;}<\/style><div class=\"ld-fancy-heading text-justified ld_fancy_heading_69f43714569b0\">\n\t<p class=\"ld-fh-element lqd-highlight-underline lqd-highlight-grow-left text-decoration-default\"   >  <\/p>\n<p style=\"text-align: justify\">The lifespan of a cookie can vary significantly depending on the purpose for which it is placed. Some cookies are intended for a single use (such as session cookies); therefore, they are not retained once the user has left the website. Other cookies are maintained and reused each time the user returns to the site (persistent cookies). Nevertheless, cookies can be deleted by the user at any time through their browser settings.<\/p>\n<p><\/p><\/div>                    <\/div>\n                <\/div>\n            <\/div>\n\t\t\t            <div class=\"accordion-item panel\">\n\n                <div class=\"accordion-heading\" role=\"tab\" id=\"heading_lqd-1767094603415-da2dd4b6-6eb7\" data-id=\"lqd-1767094603415-da2dd4b6-6eb7\">\n                    <h4 class=\"accordion-title\" data-controls=\"lqd-1767094603415-da2dd4b6-6eb7\" tabindex=\"-1\">\n                        <a tabindex=\"0\" class=\"collapsed\" data-toggle=\"collapse\"  data-bs-toggle=\"collapse\"\n                           data-parent=\"#vc_accordion_69f4371457b54\" data-bs-parent=\"#vc_accordion_69f4371457b54\" href=\"#lqd-1767094603415-da2dd4b6-6eb7\" data-bs-target=\"#lqd-1767094603415-da2dd4b6-6eb7\"\n                           aria-expanded=\"false\" aria-controls=\"lqd-1767094603415-da2dd4b6-6eb7\">\n\n\t\t\t\t\t\t\t\n\t\t\t\t\t\t\tWhat are third-party cookies?\n\t\t\t\t\t\t\t                                <span class=\"accordion-expander\">\n\t\t\t\t\t\t\t\t\t\t\t\t\t\t\t\t\t\t\t<i class=\"fa fa-plus\"><\/i>\n\t\t\t\t\t\t\t\t\t\n\t\t\t\t\t\t\t\t\t\t\t\t\t\t\t\t\t\t\t<i class=\"fa fa-minus\"><\/i>\n\t\t\t\t\t\t\t\t\t\t\t\t\t\t\t\t\t<\/span>\n\t\t\t\t\t\t\t\n                        <\/a>\n\n                    <\/h4>\n                <\/div>\n\n                <div id=\"lqd-1767094603415-da2dd4b6-6eb7\" class=\"accordion-collapse collapse\"\n                    data-bs-parent=\"#vc_accordion_69f4371457b54\" role=\"tabpanel\" aria-labelledby=\"heading_lqd-1767094603415-da2dd4b6-6eb7\">\n                    <div class=\"accordion-content\">\n\t\t\t\t\t\t<style>.ld_fancy_heading_69f4371456c60 p{color:#007db6;}.ld_fancy_heading_69f4371456c60 .lqd-highlight-inner{height:0.275em!important;bottom:0px!important;}<\/style><div class=\"ld-fancy-heading text-justified ld_fancy_heading_69f4371456c60\">\n\t<p class=\"ld-fh-element lqd-highlight-underline lqd-highlight-grow-left text-decoration-default\"   >  <\/p>\n<p style=\"text-align: justify\">Certain content sections of some websites may be provided through third-party cookies, as is the case with advertisements. Such cookies may be placed on the site and are called third-party cookies because they are not placed by the website owner. Accordingly, these third parties are obligated to comply with the applicable legal regulations and the privacy policies of the website.<\/p>\n<p><\/p><\/div>                    <\/div>\n                <\/div>\n            <\/div>\n\t\t\t            <div class=\"accordion-item panel\">\n\n                <div class=\"accordion-heading\" role=\"tab\" id=\"heading_lqd-1767094704800-5494c64b-d824\" data-id=\"lqd-1767094704800-5494c64b-d824\">\n                    <h4 class=\"accordion-title\" data-controls=\"lqd-1767094704800-5494c64b-d824\" tabindex=\"-1\">\n                        <a tabindex=\"0\" class=\"collapsed\" data-toggle=\"collapse\"  data-bs-toggle=\"collapse\"\n                           data-parent=\"#vc_accordion_69f4371457b54\" data-bs-parent=\"#vc_accordion_69f4371457b54\" href=\"#lqd-1767094704800-5494c64b-d824\" data-bs-target=\"#lqd-1767094704800-5494c64b-d824\"\n                           aria-expanded=\"false\" aria-controls=\"lqd-1767094704800-5494c64b-d824\">\n\n\t\t\t\t\t\t\t\n\t\t\t\t\t\t\tWhy are cookies important for the internet?\n\t\t\t\t\t\t\t                                <span class=\"accordion-expander\">\n\t\t\t\t\t\t\t\t\t\t\t\t\t\t\t\t\t\t\t<i class=\"fa fa-plus\"><\/i>\n\t\t\t\t\t\t\t\t\t\n\t\t\t\t\t\t\t\t\t\t\t\t\t\t\t\t\t\t\t<i class=\"fa fa-minus\"><\/i>\n\t\t\t\t\t\t\t\t\t\t\t\t\t\t\t\t\t<\/span>\n\t\t\t\t\t\t\t\n                        <\/a>\n\n                    <\/h4>\n                <\/div>\n\n                <div id=\"lqd-1767094704800-5494c64b-d824\" class=\"accordion-collapse collapse\"\n                    data-bs-parent=\"#vc_accordion_69f4371457b54\" role=\"tabpanel\" aria-labelledby=\"heading_lqd-1767094704800-5494c64b-d824\">\n                    <div class=\"accordion-content\">\n\t\t\t\t\t\t<style>.ld_fancy_heading_69f4371456f0f div{color:#007db6;}.ld_fancy_heading_69f4371456f0f .lqd-highlight-inner{height:0.275em!important;bottom:0px!important;}<\/style><div class=\"ld-fancy-heading text-justified ld_fancy_heading_69f4371456f0f\">\n\t<div class=\"ld-fh-element lqd-highlight-underline lqd-highlight-grow-left text-decoration-default\"   >  <\/p>\n<p style=\"text-align: justify\">Cookies are central to the efficient functioning of the Internet, helping to create a user-friendly browsing experience tailored to the preferences and interests of each user. Refusing or disabling cookies can make some websites impossible to use. Refusing or disabling cookies does not mean you will no longer receive online advertising \u2013 it only means that the ads will no longer take into account your preferences and interests evidenced by your browsing behavior.<\/p>\n<p style=\"text-align: justify\"><strong>Examples of cookie usage (which do not require user authentication through an account):<\/strong><\/p>\n<ol>\n<li style=\"text-align: justify\">Content and services tailored to user preferences \u2013 such as product and service categories;<\/li>\n<li style=\"text-align: justify\">Offers adapted to user interests \u2013 such as remembering passwords;<\/li>\n<li style=\"text-align: justify\">Retaining child protection filters regarding internet content (family mode, safe search functions);<\/li>\n<li style=\"text-align: justify\">Limiting ad frequency \u2013 limiting the number of times an ad is displayed to a specific user on a site;<\/li>\n<li style=\"text-align: justify\">Providing more relevant advertising for the user;<\/li>\n<li style=\"text-align: justify\">Measurement, optimization and Analytics features \u2013 such as confirming a certain level of traffic on a website, what type of content is being viewed, and how a user reaches a website (e.g., through search engines, directly, from other links, etc.). Websites perform these usage analyses to improve their content for the benefit of the users.<\/li>\n<\/ol>\n<p><\/div><\/div>                    <\/div>\n                <\/div>\n            <\/div>\n\t\t\t            <div class=\"accordion-item panel\">\n\n                <div class=\"accordion-heading\" role=\"tab\" id=\"heading_lqd-1767094822500-aae279d9-09af\" data-id=\"lqd-1767094822500-aae279d9-09af\">\n                    <h4 class=\"accordion-title\" data-controls=\"lqd-1767094822500-aae279d9-09af\" tabindex=\"-1\">\n                        <a tabindex=\"0\" class=\"collapsed\" data-toggle=\"collapse\"  data-bs-toggle=\"collapse\"\n                           data-parent=\"#vc_accordion_69f4371457b54\" data-bs-parent=\"#vc_accordion_69f4371457b54\" href=\"#lqd-1767094822500-aae279d9-09af\" data-bs-target=\"#lqd-1767094822500-aae279d9-09af\"\n                           aria-expanded=\"false\" aria-controls=\"lqd-1767094822500-aae279d9-09af\">\n\n\t\t\t\t\t\t\t\n\t\t\t\t\t\t\tWhat types of cookies do we use?\n\t\t\t\t\t\t\t                                <span class=\"accordion-expander\">\n\t\t\t\t\t\t\t\t\t\t\t\t\t\t\t\t\t\t\t<i class=\"fa fa-plus\"><\/i>\n\t\t\t\t\t\t\t\t\t\n\t\t\t\t\t\t\t\t\t\t\t\t\t\t\t\t\t\t\t<i class=\"fa fa-minus\"><\/i>\n\t\t\t\t\t\t\t\t\t\t\t\t\t\t\t\t\t<\/span>\n\t\t\t\t\t\t\t\n                        <\/a>\n\n                    <\/h4>\n                <\/div>\n\n                <div id=\"lqd-1767094822500-aae279d9-09af\" class=\"accordion-collapse collapse\"\n                    data-bs-parent=\"#vc_accordion_69f4371457b54\" role=\"tabpanel\" aria-labelledby=\"heading_lqd-1767094822500-aae279d9-09af\">\n                    <div class=\"accordion-content\">\n\t\t\t\t\t\t<style>.ld_fancy_heading_69f4371457283 p{color:#007db6;}.ld_fancy_heading_69f4371457283 .lqd-highlight-inner{height:0.275em!important;bottom:0px!important;}<\/style><div class=\"ld-fancy-heading text-justified ld_fancy_heading_69f4371457283\">\n\t<p class=\"ld-fh-element lqd-highlight-underline lqd-highlight-grow-left text-decoration-default\"   >  <\/p>\n<p style=\"text-align: justify\">By accessing this site, the following types of cookies may be placed:<\/p>\n<p style=\"text-align: justify\">\u2013 performance cookies: these remember the user's preferences on this website;<\/p>\n<p style=\"text-align: justify\">\u2013 visitor analysis cookies: these tell us if you have visited this site before; your browser will inform us if you have this cookie, and if not, we will generate one;<\/p>\n<p style=\"text-align: justify\">\u2013 geotargeting cookies: these are used by software that determines your country of origin; they are completely anonymous and are used solely for content targeting;<\/p>\n<p style=\"text-align: justify\">\u2013 registration cookies: these let us know if you are registered or not, show us the account you are logged in with, and whether you have permission for a specific feature;<\/p>\n<p style=\"text-align: justify\">\u2013 advertising cookies: based on these, we can determine whether or not you have viewed an online advertisement, the type of ad and how much time has passed since you viewed that advertisement.<\/p>\n<p><\/p><\/div>                    <\/div>\n                <\/div>\n            <\/div>\n\t\t\t            <div class=\"accordion-item panel\">\n\n                <div class=\"accordion-heading\" role=\"tab\" id=\"heading_lqd-1767094899416-e64afd47-1af1\" data-id=\"lqd-1767094899416-e64afd47-1af1\">\n                    <h4 class=\"accordion-title\" data-controls=\"lqd-1767094899416-e64afd47-1af1\" tabindex=\"-1\">\n                        <a tabindex=\"0\" class=\"collapsed\" data-toggle=\"collapse\"  data-bs-toggle=\"collapse\"\n                           data-parent=\"#vc_accordion_69f4371457b54\" data-bs-parent=\"#vc_accordion_69f4371457b54\" href=\"#lqd-1767094899416-e64afd47-1af1\" data-bs-target=\"#lqd-1767094899416-e64afd47-1af1\"\n                           aria-expanded=\"false\" aria-controls=\"lqd-1767094899416-e64afd47-1af1\">\n\n\t\t\t\t\t\t\t\n\t\t\t\t\t\t\tDo cookies contain personal data?\n\t\t\t\t\t\t\t                                <span class=\"accordion-expander\">\n\t\t\t\t\t\t\t\t\t\t\t\t\t\t\t\t\t\t\t<i class=\"fa fa-plus\"><\/i>\n\t\t\t\t\t\t\t\t\t\n\t\t\t\t\t\t\t\t\t\t\t\t\t\t\t\t\t\t\t<i class=\"fa fa-minus\"><\/i>\n\t\t\t\t\t\t\t\t\t\t\t\t\t\t\t\t\t<\/span>\n\t\t\t\t\t\t\t\n                        <\/a>\n\n                    <\/h4>\n                <\/div>\n\n                <div id=\"lqd-1767094899416-e64afd47-1af1\" class=\"accordion-collapse collapse\"\n                    data-bs-parent=\"#vc_accordion_69f4371457b54\" role=\"tabpanel\" aria-labelledby=\"heading_lqd-1767094899416-e64afd47-1af1\">\n                    <div class=\"accordion-content\">\n\t\t\t\t\t\t<style>.ld_fancy_heading_69f43714575aa p{color:#007db6;}.ld_fancy_heading_69f43714575aa .lqd-highlight-inner{height:0.275em!important;bottom:0px!important;}<\/style><div class=\"ld-fancy-heading text-justified ld_fancy_heading_69f43714575aa\">\n\t<p class=\"ld-fh-element lqd-highlight-underline lqd-highlight-grow-left text-decoration-default\"   >  <\/p>\n<p style=\"text-align: justify\">Cookies themselves do not require personal information to be used and, in most cases, do not personally identify internet users. Personal data may only be collected through the use of cookies to facilitate specific functionalities for the user.<\/p>\n<p style=\"text-align: justify\"><strong>HOW CAN YOU CHANGE THE COOKIE SETTINGS IN YOUR BROWSER?<\/strong><\/p>\n<p style=\"text-align: justify\">Deleting cookies<\/p>\n<p style=\"text-align: justify\">Applications used to access web pages allow cookies to be saved on the device by default. These settings can be changed so that the automatic management of cookies is blocked by the web browser, or the user is informed each time cookies are sent to their device. Detailed information about the possibilities and methods of managing cookies can be found in the application's settings (web browser). Limiting the use of cookies may affect certain functionalities of the website.<\/p>\n<p style=\"text-align: justify\">Most browsers offer the possibility to change cookie settings. These settings are usually found in the ,,Options\" or ,,Preferences\" menu of your browser.<\/p>\n<p style=\"text-align: justify\">To understand these settings, the following links may be useful; otherwise, you can use the browser's ,,Help\" option for more details.<\/p>\n<p style=\"text-align: justify\"><a href=\"https:\/\/support.microsoft.com\/en-us\/help\/17442\/windows-internet-explorer-delete-manage-cookies\">Set\u0103rile cookie \u00een Microsoft Edge<\/a><\/p>\n<p style=\"text-align: justify\"><a href=\"https:\/\/support.mozilla.org\/en-US\/kb\/cookies-information-websites-store-on-your-computer?redirectlocale=en-US&amp;redirectslug=Cookies\">Cookie settings in Firefox<\/a><\/p>\n<p style=\"text-align: justify\"><a href=\"https:\/\/support.google.com\/chrome\/answer\/95647?hl=en\">Cookie settings in Chrome<\/a><\/p>\n<p style=\"text-align: justify\"><a href=\"https:\/\/support.apple.com\/kb\/PH5042?locale=en_US\">Cookie settings in Safari<\/a><\/p>\n<p style=\"text-align: justify\">For settings regarding cookies generated by third parties, you may also consult the following website:<\/p>\n<p style=\"text-align: justify\"><a href=\"http:\/\/www.youronlinechoices.com\/ro\/\">http:\/\/www.youronlinechoices.com\/ro\/<\/a><\/p>\n<p><\/p><\/div>                    <\/div>\n                <\/div>\n            <\/div>\n\t\t\t            <div class=\"accordion-item panel\">\n\n                <div class=\"accordion-heading\" role=\"tab\" id=\"heading_lqd-1767094940341-80278dfa-2b82\" data-id=\"lqd-1767094940341-80278dfa-2b82\">\n                    <h4 class=\"accordion-title\" data-controls=\"lqd-1767094940341-80278dfa-2b82\" tabindex=\"-1\">\n                        <a tabindex=\"0\" class=\"collapsed\" data-toggle=\"collapse\"  data-bs-toggle=\"collapse\"\n                           data-parent=\"#vc_accordion_69f4371457b54\" data-bs-parent=\"#vc_accordion_69f4371457b54\" href=\"#lqd-1767094940341-80278dfa-2b82\" data-bs-target=\"#lqd-1767094940341-80278dfa-2b82\"\n                           aria-expanded=\"false\" aria-controls=\"lqd-1767094940341-80278dfa-2b82\">\n\n\t\t\t\t\t\t\t\n\t\t\t\t\t\t\tQuestions and inquiries?\n\t\t\t\t\t\t\t                                <span class=\"accordion-expander\">\n\t\t\t\t\t\t\t\t\t\t\t\t\t\t\t\t\t\t\t<i class=\"fa fa-plus\"><\/i>\n\t\t\t\t\t\t\t\t\t\n\t\t\t\t\t\t\t\t\t\t\t\t\t\t\t\t\t\t\t<i class=\"fa fa-minus\"><\/i>\n\t\t\t\t\t\t\t\t\t\t\t\t\t\t\t\t\t<\/span>\n\t\t\t\t\t\t\t\n                        <\/a>\n\n                    <\/h4>\n                <\/div>\n\n                <div id=\"lqd-1767094940341-80278dfa-2b82\" class=\"accordion-collapse collapse\"\n                    data-bs-parent=\"#vc_accordion_69f4371457b54\" role=\"tabpanel\" aria-labelledby=\"heading_lqd-1767094940341-80278dfa-2b82\">\n                    <div class=\"accordion-content\">\n\t\t\t\t\t\t<style>.ld_fancy_heading_69f43714579bc p{color:#007db6;}.ld_fancy_heading_69f43714579bc .lqd-highlight-inner{height:0.275em!important;bottom:0px!important;}<\/style><div class=\"ld-fancy-heading text-justified ld_fancy_heading_69f43714579bc\">\n\t<p class=\"ld-fh-element lqd-highlight-underline lqd-highlight-grow-left text-decoration-default\"   >  If you have any questions or concerns regarding the processing of your data, if you wish to exercise your legal rights concerning the data we hold, or if you have concerns about how we handle any privacy matters, you may write to us at the following e-mail address:\u00a0<a href=\"mailto:protectiadatelor@asociatiahercules.ro\"><strong>protectiadatelor@asociatiahercules.ro<\/strong><\/a><\/p><\/div>                    <\/div>\n                <\/div>\n            <\/div>\n\t\t\t<\/div><\/div><\/div><\/div><\/div><\/div><\/section>","protected":false},"excerpt":{"rendered":"Politica de cookies a Asocia\u021biei Hercules Politica cookie-urilor Ce este un cookie? Un cookie este un mic text de text care include adesea un identificator unic, alocat computerului sau dispozitivului dvs. atunci c\u00e2nd vizita\u021bi un site. Fiecare site poate trimite propriul t\u0103u cookie c\u0103tre browser-ul t\u0103u dac\u0103 preferin\u021bele browserului pe care \u00eel utilizezi permit acest [...]","protected":false},"author":1,"featured_media":0,"parent":0,"menu_order":0,"comment_status":"closed","ping_status":"closed","template":"","meta":{"footnotes":""},"class_list":["post-7715","page","type-page","status-publish","hentry"],"_links":{"self":[{"href":"https:\/\/www.asociatiahercules.ro\/en\/wp-json\/wp\/v2\/pages\/7715","targetHints":{"allow":["GET"]}}],"collection":[{"href":"https:\/\/www.asociatiahercules.ro\/en\/wp-json\/wp\/v2\/pages"}],"about":[{"href":"https:\/\/www.asociatiahercules.ro\/en\/wp-json\/wp\/v2\/types\/page"}],"author":[{"embeddable":true,"href":"https:\/\/www.asociatiahercules.ro\/en\/wp-json\/wp\/v2\/users\/1"}],"replies":[{"embeddable":true,"href":"https:\/\/www.asociatiahercules.ro\/en\/wp-json\/wp\/v2\/comments?post=7715"}],"version-history":[{"count":7,"href":"https:\/\/www.asociatiahercules.ro\/en\/wp-json\/wp\/v2\/pages\/7715\/revisions"}],"predecessor-version":[{"id":7849,"href":"https:\/\/www.asociatiahercules.ro\/en\/wp-json\/wp\/v2\/pages\/7715\/revisions\/7849"}],"wp:attachment":[{"href":"https:\/\/www.asociatiahercules.ro\/en\/wp-json\/wp\/v2\/media?parent=7715"}],"curies":[{"name":"wp","href":"https:\/\/api.w.org\/{rel}","templated":true}]}}