{"id":6904,"date":"2026-01-09T12:44:32","date_gmt":"2026-01-09T12:44:32","guid":{"rendered":"https:\/\/asociatiahercules.ro\/?page_id=6904"},"modified":"2026-02-16T10:28:21","modified_gmt":"2026-02-16T10:28:21","slug":"comunicate","status":"publish","type":"page","link":"https:\/\/www.asociatiahercules.ro\/en\/comunicate\/","title":{"rendered":"Press release"},"content":{"rendered":"<section data-row-bg=\"https:\/\/asociatiahercules.ro\/wp-content\/uploads\/cover-comunicate.jpg?id=6905\" style=\"background-position:center top !important;\" data-bg-image=\"url\" class=\"vc_row cover-principal vc_custom_1771237698855 liquid-row-shadowbox-69d288595c5dd vc_row-has-fill vc_row-has-bg lqd-has-bg-markup row-bg-appended vc_row-o-full-height\"><span class=\"row-bg-loader\"><\/span><div class=\"row-bg-wrap\">\n\t\t<div class=\"row-bg-inner\">\n\t\t\t<figure class=\"row-bg\" ><\/figure>\n\t\t<\/div>\n\t<\/div><div class=\"liquid-row-overlay\" style=\"background:rgba(0, 125, 182, 0.6)\"><\/div><div class=\"one-row_bottom_divider z-index-99\" style=\"height:99px;\"><svg fill=\"#ffffff\" xmlns=\"http:\/\/www.w3.org\/2000\/svg\" width=\"1440\" height=\"100\" viewbox=\"0 0 1440 100\" preserveaspectratio=\"none\">\n\t\t\t\t\t\t\t\t<path id=\"Row_Separator\" data-name=\"Row Separator\" d=\"M1440,0Q1080,99,720,99T0,0V100H1440Z\" \/>\n\t\t\t\t\t\t\t<\/svg><\/div><div class=\"ld-container container\"><div class=\"row ld-row ld-row-outer vc_row-no-column-align vc_row-o-content-middle vc_row-flex\"><div class=\"wpb_column vc_column_container vc_col-sm-12 text-center text-sm-center text-md-center text-lg-center liquid-column-69d288595cb3b\"><div class=\"vc_column-inner\" ><div class=\"wpb_wrapper\"  ><style>.ld_spacer_69d288595cbd0{height:50px;}<\/style>\n<div class=\"ld-empty-space ld_spacer_69d288595cbd0\"><\/div><style>.ld_fancy_heading_69d288595cd5f h1{color:rgb(255, 255, 255);}.ld_fancy_heading_69d288595cd5f h1 {font-size:5vw; } @media (min-width: 768px) { .ld_fancy_heading_69d288595cd5f h1 {font-size:5vw; }  } @media (min-width: 992px) { .ld_fancy_heading_69d288595cd5f h1 {font-size:32px; }  } @media (min-width: 1200px) { .ld_fancy_heading_69d288595cd5f h1 {font-size:64px; }  } .ld_fancy_heading_69d288595cd5f h1 {line-height:1.06em; } .ld_fancy_heading_69d288595cd5f h1 {--element-line-height:1.06em; } .ld_fancy_heading_69d288595cd5f .lqd-highlight-inner{height:0.275em!important;bottom:0px!important;}.ld_fancy_heading_69d288595cd5f h1 {font-size:5vw; } @media (min-width: 768px) { .ld_fancy_heading_69d288595cd5f h1 {font-size:5vw; }  } @media (min-width: 992px) { .ld_fancy_heading_69d288595cd5f h1 {font-size:32px; }  } @media (min-width: 1200px) { .ld_fancy_heading_69d288595cd5f h1 {font-size:64px; }  } .ld_fancy_heading_69d288595cd5f h1 {line-height:1.06em; } .ld_fancy_heading_69d288595cd5f h1 {--element-line-height:1.06em; } <\/style><div class=\"ld-fancy-heading ld_fancy_heading_69d288595cd5f\">\n\t<h1 class=\"ld-fh-element lqd-highlight-underline lqd-highlight-grow-left text-decoration-default\"   >  Press release<\/h1><\/div><\/div><\/div><\/div><div class=\"wpb_column vc_column_container vc_col-sm-4 liquid-column-69d288595deac\"><div class=\"vc_column-inner\" ><div class=\"wpb_wrapper\"  ><\/div><\/div><\/div><div class=\"wpb_column vc_column_container vc_col-sm-4 text-center text-sm-center text-md-center text-lg-center liquid-column-69d288595dfff\"><div class=\"vc_column-inner justify-content-center\" ><div class=\"wpb_wrapper\"  ><style>.ld_button_69d288595e156.btn-icon-solid .btn-icon{background:rgb(68, 200, 245);}.ld_button_69d288595e156.btn-icon-circle.btn-icon-ripple .btn-icon:before{border-color:rgb(68, 200, 245);}.ld_button_69d288595e156.btn-icon-solid:hover .btn-icon{background:rgb(178, 210, 53);}.ld_button_69d288595e156{background-color:rgb(68, 200, 245);border-color:rgb(68, 200, 245);color:rgb(255, 255, 255);}.ld_button_69d288595e156:hover{background-color:rgb(178, 210, 53);border-color:rgb(178, 210, 53);}.ld_button_69d288595e156 .btn-gradient-bg-hover{background:-webkit-linear-gradient(to right, rgb(178, 210, 53) 0%, rgb(178, 210, 53) 100%);background:linear-gradient(to right, rgb(178, 210, 53) 0%, rgb(178, 210, 53) 100%);}.ld_button_69d288595e156 .btn-gradient-border defs stop:first-child{stop-color:rgb(68, 200, 245);}.ld_button_69d288595e156 .btn-gradient-border defs stop:last-child{stop-color:rgb(68, 200, 245);}.ld_button_69d288595e156:hover .btn-gradient-border defs stop:first-child{stop-color:rgb(178, 210, 53);}.ld_button_69d288595e156:hover .btn-gradient-border defs stop:last-child{stop-color:rgb(178, 210, 53);}<\/style><a href=\"#\" class=\"btn btn-solid btn-xlg circle border-none btn-has-label ld_button_69d288595e156\" data-localscroll=\"true\" data-localscroll-options=\"{&quot;scrollBelowSection&quot;:true}\" >\n\t<span>\n\t\n\t\t\t\t\t<span class=\"btn-txt\" data-text=\"Cite\u0219te comunicate\" >See announcements<\/span>\n\t\t\n\t<span class=\"btn-icon\"><i class=\"fas fa-arrow-circle-down\"><\/i><\/span>\t\t\t\t<\/span>\n<\/a>\n<\/div><\/div><\/div><div class=\"wpb_column vc_column_container vc_col-sm-4 liquid-column-69d288595eb02\"><div class=\"vc_column-inner\" ><div class=\"wpb_wrapper\"  ><\/div><\/div><\/div><\/div><\/div><\/section><section class=\"vc_row liquid-row-shadowbox-69d288595ec57\"><div class=\"ld-container container\"><div class=\"row ld-row ld-row-outer\"><div class=\"wpb_column vc_column_container vc_col-sm-12 liquid-column-69d288595ee1f\"><div class=\"vc_column-inner\" ><div class=\"wpb_wrapper\"  ><style>.ld_spacer_69d288595ee8e{height:100px;}<\/style>\n<div class=\"ld-empty-space ld_spacer_69d288595ee8e\"><\/div><\/div><\/div><\/div><div class=\"wpb_column vc_column_container vc_col-sm-9 liquid-column-69d288595eff3\"><div class=\"vc_column-inner\" ><div class=\"wpb_wrapper\"  ><style>.ld_blog_69d288595f108 .lqd-lp-row{margin-inline-start:-15px;margin-inline-end:-15px;}.ld_blog_69d288595f108 .lqd-lp-column{padding-inline-start:15px;padding-inline-end:15px;margin-bottom:30px;}.ld_blog_69d288595f108 .lqd-lp .lqd-lp-title{margin-top:px !important;margin-bottom:px !important;}<\/style><div class=\"lqd-lp-grid ld_blog_69d288595f108 lqd-1768637114751-8f22bfcb-1725\">\r\n<div class=\"row\">\r\n\t<div class=\"col-md-12\">\t\t\t\t\t\r\n\t\t<div class=\"liquid-filter-items align-items-center\">\t\r\n\t\t\t<div class=\"liquid-filter-items\">\r\n\t\t\t\t\r\n\t\t\t\t\r\n\t\t\t\t<ul class=\"filter-list filter-list-inline       d-flex align-items-center hidden-xs hidden-sm\" id=\"lqd-1768637114751-3982a713-a43d\">\r\n\t\t\t\t\t<li class=\"active\" data-id=\"0\"><span>All<\/span><\/li>\r\n\t\t\t\t\t<li data-id=\"78\"><span>2024<\/span><\/li><li data-id=\"79\"><span>2025<\/span><\/li><li data-id=\"67\"><span>Press release<\/span><\/li>\t\t\t\t<\/ul>\r\n\r\n\t\t\t\t<div class=\"lqd-filter-dropdown visible-xs visible-sm\" data-form-options='{ \"dropdownAppendTo\": \"self\" }'>\r\n\t\t\t\t\t<select name=\"lqd-filter-dropdown-lqd-1768637114751-3982a713-a43d\" id=\"lqd-filter-dropdown-lqd-1768637114751-3982a713-a43d\">\r\n\t\t\t\t\t\t<option selected data-filter=\"*\" value=\"*\">All<\/option>\r\n\t\t\t\t\t\t<option data-filter=\".lqd-f-\" value=\".lqd-f-\">2024<\/option><option data-filter=\".lqd-f-\" value=\".lqd-f-\">2025<\/option><option data-filter=\".lqd-f-\" value=\".lqd-f-\">Press release<\/option>\t\t\t\t\t<\/select>\r\n\t\t\t\t<\/div>\r\n\t\t\t\t\t\r\n\t\t\t\t\t\t\t\t\t\r\n\t\t\t\t\t\r\n\t\t\t<\/div>\r\n\t\t<\/div>\r\n\t<\/div>\r\n<\/div><div class=\"lqd-lp-row row d-flex flex-wrap\" data-liquid-masonry=\"true\" data-masonry-options='{ \"filtersID\": \"#lqd-1768637114751-3982a713-a43d\",\"itemSelector\": \".lqd-lp-column\" }'><div class=\"lqd-lp-column col-md-6 col-sm-6 2025 lqd-f-79 comunicate lqd-f-67\"><article id=\"post-6720\" class=\"lqd-lp lqd-lp-style-6 lqd-lp-hover-img-zoom pos-rel round overflow-hidden post-6720 post type-post status-publish format-standard has-post-thumbnail hentry category-79 category-comunicate\">\n<div class=\"lqd-lp-img overflow-hidden\">\n\n\t<figure><img decoding=\"async\" width=\"720\" height=\"510\" src=\"https:\/\/www.asociatiahercules.ro\/wp-content\/uploads\/test-720x510.png\" class=\"w-100 wp-post-image\" alt=\"\" srcset=\"https:\/\/www.asociatiahercules.ro\/wp-content\/uploads\/test-720x510.png 720w, https:\/\/www.asociatiahercules.ro\/wp-content\/uploads\/test-18x12.png 18w\" sizes=\"(max-width: 720px) 100vw, 720px\" itemprop=\"image\" \/><\/figure>\n\t<div class=\"lqd-lp-meta text-uppercase font-weight-bold pos-rel z-index-3\">\n\t\t<div><span class=\"screen-reader-text\">Tags <\/span><ul class=\"lqd-lp-cat lqd-lp-cat-shaped lqd-lp-cat-solid reset-ul inline-ul font-weight-bold text-uppercase ltr-sp-1\"><li><a class=\"lh-15 circle\" href=\"https:\/\/www.asociatiahercules.ro\/en\/category\/2025\/\" rel=\"category\">2025<\/a><\/li><\/ul><\/div>\t<\/div>\n\n<\/div>\n\n<header class=\"lqd-lp-header p-5\">\n\n\t<div class=\"lqd-lp-meta lqd-lp-meta-dot-between d-flex flex-wrap align-items-center text-uppercase ltr-sp-1 font-weight-bold\">\n\n\t\t<div class=\"lqd-lp-author pos-rel z-index-3\">\n\t\t\t<div class=\"lqd-lp-author-info\">\n\t\t\t\t<h3 class=\"mt-0 mb-0 h5\"><a href=\"https:\/\/www.asociatiahercules.ro\/en\/author\/administrator_ah\/\">Administrator<\/a><\/h3>\n\t\t\t<\/div>\n\t\t<\/div>\n\n\t\t<time class=\"lqd-lp-date pos-rel z-index-2\" datetime=\"2025-12-15T14:29:29+00:00\">December 15, 2025<\/time>\n\t<\/div>\n\n\t<h2 class=\"entry-title lqd-lp-title mt-3 mb-0 h5\"><a  href=\"https:\/\/www.asociatiahercules.ro\/en\/comunicat-de-presa-e-smart\/\" rel=\"bookmark\">Press release: E-SMART<\/a><\/h2>\n<\/header>\n\n<a  href=\"https:\/\/www.asociatiahercules.ro\/en\/comunicat-de-presa-e-smart\/\" class=\"lqd-lp-overlay-link lqd-overlay z-index-2\" tab-index=\"-1\"><\/a><\/article><\/div><div class=\"lqd-lp-column col-md-6 col-sm-6 2025 lqd-f-79 comunicate lqd-f-67\"><article id=\"post-6707\" class=\"lqd-lp lqd-lp-style-6 lqd-lp-hover-img-zoom pos-rel round overflow-hidden post-6707 post type-post status-publish format-standard has-post-thumbnail hentry category-79 category-comunicate\">\n<div class=\"lqd-lp-img overflow-hidden\">\n\n\t<figure><img decoding=\"async\" width=\"720\" height=\"510\" src=\"data:image\/svg+xml;charset=utf-8,%3Csvg xmlns%3D&#039;http%3A%2F%2Fwww.w3.org%2F2000%2Fsvg&#039; viewBox%3D&#039;0 0  &#039;%2F%3E\" class=\"w-100 ld-lazyload wp-post-image\" alt=\"\" itemprop=\"image\" data-src=\"https:\/\/www.asociatiahercules.ro\/wp-content\/uploads\/test-2-720x510.png\" data-srcset=\"https:\/\/www.asociatiahercules.ro\/wp-content\/uploads\/test-2-720x510.png 720w, https:\/\/www.asociatiahercules.ro\/wp-content\/uploads\/test-2-18x12.png 18w\" data-sizes=\"(max-width: 720px) 100vw, 720px\" data-aspect=\"\" \/><\/figure>\n\t<div class=\"lqd-lp-meta text-uppercase font-weight-bold pos-rel z-index-3\">\n\t\t<div><span class=\"screen-reader-text\">Tags <\/span><ul class=\"lqd-lp-cat lqd-lp-cat-shaped lqd-lp-cat-solid reset-ul inline-ul font-weight-bold text-uppercase ltr-sp-1\"><li><a class=\"lh-15 circle\" href=\"https:\/\/www.asociatiahercules.ro\/en\/category\/2025\/\" rel=\"category\">2025<\/a><\/li><\/ul><\/div>\t<\/div>\n\n<\/div>\n\n<header class=\"lqd-lp-header p-5\">\n\n\t<div class=\"lqd-lp-meta lqd-lp-meta-dot-between d-flex flex-wrap align-items-center text-uppercase ltr-sp-1 font-weight-bold\">\n\n\t\t<div class=\"lqd-lp-author pos-rel z-index-3\">\n\t\t\t<div class=\"lqd-lp-author-info\">\n\t\t\t\t<h3 class=\"mt-0 mb-0 h5\"><a href=\"https:\/\/www.asociatiahercules.ro\/en\/author\/administrator_ah\/\">Administrator<\/a><\/h3>\n\t\t\t<\/div>\n\t\t<\/div>\n\n\t\t<time class=\"lqd-lp-date pos-rel z-index-2\" datetime=\"2025-02-10T14:13:00+00:00\">February 10, 2025<\/time>\n\t<\/div>\n\n\t<h2 class=\"entry-title lqd-lp-title mt-3 mb-0 h5\"><a  href=\"https:\/\/www.asociatiahercules.ro\/en\/comunicat-de-presa-e-family-fine\/\" rel=\"bookmark\">Press release: E-FAMILY FINE<\/a><\/h2>\n<\/header>\n\n<a  href=\"https:\/\/www.asociatiahercules.ro\/en\/comunicat-de-presa-e-family-fine\/\" class=\"lqd-lp-overlay-link lqd-overlay z-index-2\" tab-index=\"-1\"><\/a><\/article><\/div><div class=\"lqd-lp-column col-md-6 col-sm-6 2024 lqd-f-78 comunicate lqd-f-67\"><article id=\"post-6691\" class=\"lqd-lp lqd-lp-style-6 lqd-lp-hover-img-zoom pos-rel round overflow-hidden post-6691 post type-post status-publish format-standard has-post-thumbnail hentry category-78 category-comunicate\">\n<div class=\"lqd-lp-img overflow-hidden\">\n\n\t<figure><img decoding=\"async\" width=\"720\" height=\"510\" src=\"data:image\/svg+xml;charset=utf-8,%3Csvg xmlns%3D&#039;http%3A%2F%2Fwww.w3.org%2F2000%2Fsvg&#039; viewBox%3D&#039;0 0  &#039;%2F%3E\" class=\"w-100 ld-lazyload wp-post-image\" alt=\"\" itemprop=\"image\" data-src=\"https:\/\/www.asociatiahercules.ro\/wp-content\/uploads\/test-2-720x510.png\" data-srcset=\"https:\/\/www.asociatiahercules.ro\/wp-content\/uploads\/test-2-720x510.png 720w, https:\/\/www.asociatiahercules.ro\/wp-content\/uploads\/test-2-18x12.png 18w\" data-sizes=\"(max-width: 720px) 100vw, 720px\" data-aspect=\"\" \/><\/figure>\n\t<div class=\"lqd-lp-meta text-uppercase font-weight-bold pos-rel z-index-3\">\n\t\t<div><span class=\"screen-reader-text\">Tags <\/span><ul class=\"lqd-lp-cat lqd-lp-cat-shaped lqd-lp-cat-solid reset-ul inline-ul font-weight-bold text-uppercase ltr-sp-1\"><li><a class=\"lh-15 circle\" href=\"https:\/\/www.asociatiahercules.ro\/en\/category\/2024\/\" rel=\"category\">2024<\/a><\/li><\/ul><\/div>\t<\/div>\n\n<\/div>\n\n<header class=\"lqd-lp-header p-5\">\n\n\t<div class=\"lqd-lp-meta lqd-lp-meta-dot-between d-flex flex-wrap align-items-center text-uppercase ltr-sp-1 font-weight-bold\">\n\n\t\t<div class=\"lqd-lp-author pos-rel z-index-3\">\n\t\t\t<div class=\"lqd-lp-author-info\">\n\t\t\t\t<h3 class=\"mt-0 mb-0 h5\"><a href=\"https:\/\/www.asociatiahercules.ro\/en\/author\/administrator_ah\/\">Administrator<\/a><\/h3>\n\t\t\t<\/div>\n\t\t<\/div>\n\n\t\t<time class=\"lqd-lp-date pos-rel z-index-2\" datetime=\"2024-11-07T13:59:37+00:00\">November 7, 2024<\/time>\n\t<\/div>\n\n\t<h2 class=\"entry-title lqd-lp-title mt-3 mb-0 h5\"><a  href=\"https:\/\/www.asociatiahercules.ro\/en\/comunicat-de-presa-e-focus\/\" rel=\"bookmark\">Press release: E-FOCUS<\/a><\/h2>\n<\/header>\n\n<a  href=\"https:\/\/www.asociatiahercules.ro\/en\/comunicat-de-presa-e-focus\/\" class=\"lqd-lp-overlay-link lqd-overlay z-index-2\" tab-index=\"-1\"><\/a><\/article><\/div><div class=\"lqd-lp-column col-md-6 col-sm-6 2024 lqd-f-78 comunicate lqd-f-67\"><article id=\"post-6682\" class=\"lqd-lp lqd-lp-style-6 lqd-lp-hover-img-zoom pos-rel round overflow-hidden post-6682 post type-post status-publish format-standard has-post-thumbnail hentry category-78 category-comunicate\">\n<div class=\"lqd-lp-img overflow-hidden\">\n\n\t<figure><img decoding=\"async\" width=\"720\" height=\"510\" src=\"data:image\/svg+xml;charset=utf-8,%3Csvg xmlns%3D&#039;http%3A%2F%2Fwww.w3.org%2F2000%2Fsvg&#039; viewBox%3D&#039;0 0  &#039;%2F%3E\" class=\"w-100 ld-lazyload wp-post-image\" alt=\"\" itemprop=\"image\" data-src=\"https:\/\/www.asociatiahercules.ro\/wp-content\/uploads\/comunicat-de-presa-instrumente-structurale-720x510.png\" data-srcset=\"https:\/\/www.asociatiahercules.ro\/wp-content\/uploads\/comunicat-de-presa-instrumente-structurale-720x510.png 720w, https:\/\/www.asociatiahercules.ro\/wp-content\/uploads\/comunicat-de-presa-instrumente-structurale-18x12.png 18w\" data-sizes=\"(max-width: 720px) 100vw, 720px\" data-aspect=\"\" \/><\/figure>\n\t<div class=\"lqd-lp-meta text-uppercase font-weight-bold pos-rel z-index-3\">\n\t\t<div><span class=\"screen-reader-text\">Tags <\/span><ul class=\"lqd-lp-cat lqd-lp-cat-shaped lqd-lp-cat-solid reset-ul inline-ul font-weight-bold text-uppercase ltr-sp-1\"><li><a class=\"lh-15 circle\" href=\"https:\/\/www.asociatiahercules.ro\/en\/category\/2024\/\" rel=\"category\">2024<\/a><\/li><\/ul><\/div>\t<\/div>\n\n<\/div>\n\n<header class=\"lqd-lp-header p-5\">\n\n\t<div class=\"lqd-lp-meta lqd-lp-meta-dot-between d-flex flex-wrap align-items-center text-uppercase ltr-sp-1 font-weight-bold\">\n\n\t\t<div class=\"lqd-lp-author pos-rel z-index-3\">\n\t\t\t<div class=\"lqd-lp-author-info\">\n\t\t\t\t<h3 class=\"mt-0 mb-0 h5\"><a href=\"https:\/\/www.asociatiahercules.ro\/en\/author\/administrator_ah\/\">Administrator<\/a><\/h3>\n\t\t\t<\/div>\n\t\t<\/div>\n\n\t\t<time class=\"lqd-lp-date pos-rel z-index-2\" datetime=\"2024-01-03T13:51:44+00:00\">January 3, 2024<\/time>\n\t<\/div>\n\n\t<h2 class=\"entry-title lqd-lp-title mt-3 mb-0 h5\"><a  href=\"https:\/\/www.asociatiahercules.ro\/en\/comunicat-de-presa-e-cool\/\" rel=\"bookmark\">Press Release: E-COOL<\/a><\/h2>\n<\/header>\n\n<a  href=\"https:\/\/www.asociatiahercules.ro\/en\/comunicat-de-presa-e-cool\/\" class=\"lqd-lp-overlay-link lqd-overlay z-index-2\" tab-index=\"-1\"><\/a><\/article><\/div><\/div><!--\/ .row --><\/div><!--\/ .lqd-lp-grid --><\/div><\/div><\/div><div class=\"wpb_column vc_column_container vc_col-sm-3 liquid-column-69d28859964b8\"><div class=\"vc_column-inner\" ><div class=\"wpb_wrapper\"  ><div  class=\"wpb_widgetised_column wpb_content_element\">\n\t\t<div class=\"wpb_wrapper\">\n\t\t\t\n\t\t\t\n\t\t<\/div>\n\t<\/div>\n<\/div><\/div><\/div><\/div><\/div><\/section>","protected":false},"excerpt":{"rendered":"Comunicat de pres\u0103 privind \u00eencheierea proiectului \u201eE-COOL \u2013 Educa\u0163ie Creativ\u0103 Organizat\u0103 prin Outdoor Learning\u201d,\u00a0 ID 154207 co-finan\u021bat din\u00a0Programul Opera\u021bional Capital Uman 2014 \u2013 2020,\u00a0Axa prioritar\u0103 6\u00a0\u2013\u00a0Educa\u021bie \u0219i competen\u021be,\u00a0Obiectiv tematic 10:\u00a0Efectuarea de investi\u021bii \u00een domeniul educa\u021biei, al form\u0103rii \u0219i al form\u0103rii profesionale \u00een vederea dob\u00e2ndirii de competen\u021be \u0219i a \u00eenv\u0103\u021b\u0103rii pe tot parcursul vie\u021bii,\u00a0Prioritatea de investi\u021bii [...]","protected":false},"author":1,"featured_media":0,"parent":0,"menu_order":0,"comment_status":"closed","ping_status":"open","template":"","meta":{"footnotes":""},"class_list":["post-6904","page","type-page","status-publish","hentry"],"_links":{"self":[{"href":"https:\/\/www.asociatiahercules.ro\/en\/wp-json\/wp\/v2\/pages\/6904","targetHints":{"allow":["GET"]}}],"collection":[{"href":"https:\/\/www.asociatiahercules.ro\/en\/wp-json\/wp\/v2\/pages"}],"about":[{"href":"https:\/\/www.asociatiahercules.ro\/en\/wp-json\/wp\/v2\/types\/page"}],"author":[{"embeddable":true,"href":"https:\/\/www.asociatiahercules.ro\/en\/wp-json\/wp\/v2\/users\/1"}],"replies":[{"embeddable":true,"href":"https:\/\/www.asociatiahercules.ro\/en\/wp-json\/wp\/v2\/comments?post=6904"}],"version-history":[{"count":14,"href":"https:\/\/www.asociatiahercules.ro\/en\/wp-json\/wp\/v2\/pages\/6904\/revisions"}],"predecessor-version":[{"id":7763,"href":"https:\/\/www.asociatiahercules.ro\/en\/wp-json\/wp\/v2\/pages\/6904\/revisions\/7763"}],"wp:attachment":[{"href":"https:\/\/www.asociatiahercules.ro\/en\/wp-json\/wp\/v2\/media?parent=6904"}],"curies":[{"name":"wp","href":"https:\/\/api.w.org\/{rel}","templated":true}]}}